{"id":11,"date":"2024-04-10T09:56:38","date_gmt":"2024-04-10T09:56:38","guid":{"rendered":"https:\/\/ebberuptennisklub.dk\/?page_id=11"},"modified":"2024-04-11T07:12:26","modified_gmt":"2024-04-11T07:12:26","slug":"kontakt","status":"publish","type":"page","link":"http:\/\/ebberuptennisklub.dk\/index.php\/kontakt\/","title":{"rendered":"KONTAKT"},"content":{"rendered":"\n<p class=\"has-background-background-color has-background\">Har I brug for instruktion &#8211; kontakt da  Ivan.<\/p>\n\n\n\n<figure class=\"wp-block-table\"><table class=\"has-background-background-color has-background\"><tbody><tr><td><strong>Formand<\/strong><br>Erik Christensen<br>Basthomsv\u00e6nget 10<br>5610 Assens<br>Tlf. 61763386<br><a href=\"mailto:erikdrudgaard@gmail.com\">erikdrudgaard@gmail.com<\/a><\/td><td><strong>N\u00e6stformand<\/strong><br>Poul K\u00f8hler<br>Degnegyden 2<br>5631 Ebberup<br>Tlf. 50283435<br><a href=\"mailto:Poulkoehler3@live.dk\">Poulkoehler3@live.dk<\/a><\/td><\/tr><tr><td><strong>Kasserer<\/strong><br>Hans Gjessing<br>Linde All\u00e9 19<br>5690 Tommerup<br>64763610<br>hansgjessing@dadlnet.dk<\/td><td><strong>Sekret\u00e6r<\/strong><br>Arne Rasmussen<br>Kirkebakken 17<br>5631 Ebberup<br>Tlf.20951504<br><a href=\"mailto:karlviggo@privat.dk\">arssde@gmail.com<\/a><\/td><\/tr><tr><td><strong>Medlemskasserer<\/strong><br>Ivan Rasmussen<br>Ebberupvej 92<br>5631 Ebberup<br>Tlf. 60161954<br><a href=\"mailto:%20ijr@dadlnet.dk\">ijr@dadlnet.dk<\/a><\/td><td><strong>Baneinspekt\u00f8r<\/strong> <br>Karl Viggo Madsen<br>Pileh\u00f8jen 13<br>5631 Ebberup<br>Tlf.\u00a051911668<br><a href=\"mailto:karlviggo@privat.dk\">karlviggo@privat.dk<\/a><\/td><\/tr><\/tbody><\/table><\/figure>\n","protected":false},"excerpt":{"rendered":"<p>Har I brug for instruktion &#8211; kontakt da Ivan. FormandErik ChristensenBasthomsv\u00e6nget 105610 AssensTlf. 61763386erikdrudgaard@gmail.com N\u00e6stformandPoul K\u00f8hlerDegnegyden 25631 EbberupTlf. 50283435Poulkoehler3@live.dk KassererHans GjessingLinde All\u00e9 195690 Tommerup64763610hansgjessing@dadlnet.dk Sekret\u00e6rArne RasmussenKirkebakken 175631 EbberupTlf.20951504arssde@gmail.com MedlemskassererIvan RasmussenEbberupvej 925631 EbberupTlf. 60161954ijr@dadlnet.dk Baneinspekt\u00f8r Karl Viggo MadsenPileh\u00f8jen 135631 EbberupTlf.\u00a051911668karlviggo@privat.dk<\/p>\n","protected":false},"author":1,"featured_media":0,"parent":0,"menu_order":0,"comment_status":"closed","ping_status":"closed","template":"","meta":{"_uag_custom_page_level_css":"","footnotes":""},"class_list":["post-11","page","type-page","status-publish","hentry"],"uagb_featured_image_src":{"full":false,"thumbnail":false,"medium":false,"medium_large":false,"large":false,"1536x1536":false,"2048x2048":false},"uagb_author_info":{"display_name":"admin","author_link":"http:\/\/ebberuptennisklub.dk\/index.php\/author\/admin\/"},"uagb_comment_info":0,"uagb_excerpt":"Har I brug for instruktion &#8211; kontakt da Ivan. FormandErik ChristensenBasthomsv\u00e6nget 105610 AssensTlf. 61763386erikdrudgaard@gmail.com N\u00e6stformandPoul K\u00f8hlerDegnegyden 25631 EbberupTlf. 50283435Poulkoehler3@live.dk KassererHans GjessingLinde All\u00e9 195690 Tommerup64763610hansgjessing@dadlnet.dk Sekret\u00e6rArne RasmussenKirkebakken 175631 EbberupTlf.20951504arssde@gmail.com MedlemskassererIvan RasmussenEbberupvej 925631 EbberupTlf. 60161954ijr@dadlnet.dk Baneinspekt\u00f8r Karl Viggo MadsenPileh\u00f8jen 135631 EbberupTlf.\u00a051911668karlviggo@privat.dk","_links":{"self":[{"href":"http:\/\/ebberuptennisklub.dk\/index.php\/wp-json\/wp\/v2\/pages\/11","targetHints":{"allow":["GET"]}}],"collection":[{"href":"http:\/\/ebberuptennisklub.dk\/index.php\/wp-json\/wp\/v2\/pages"}],"about":[{"href":"http:\/\/ebberuptennisklub.dk\/index.php\/wp-json\/wp\/v2\/types\/page"}],"author":[{"embeddable":true,"href":"http:\/\/ebberuptennisklub.dk\/index.php\/wp-json\/wp\/v2\/users\/1"}],"replies":[{"embeddable":true,"href":"http:\/\/ebberuptennisklub.dk\/index.php\/wp-json\/wp\/v2\/comments?post=11"}],"version-history":[{"count":5,"href":"http:\/\/ebberuptennisklub.dk\/index.php\/wp-json\/wp\/v2\/pages\/11\/revisions"}],"predecessor-version":[{"id":60,"href":"http:\/\/ebberuptennisklub.dk\/index.php\/wp-json\/wp\/v2\/pages\/11\/revisions\/60"}],"wp:attachment":[{"href":"http:\/\/ebberuptennisklub.dk\/index.php\/wp-json\/wp\/v2\/media?parent=11"}],"curies":[{"name":"wp","href":"https:\/\/api.w.org\/{rel}","templated":true}]}}